{"id":826,"date":"2013-10-20T10:37:12","date_gmt":"2013-10-20T09:37:12","guid":{"rendered":"http:\/\/www.mimmis-katzenshop.de\/?page_id=826"},"modified":"2013-10-20T10:37:12","modified_gmt":"2013-10-20T09:37:12","slug":"glueckskatze-fini","status":"publish","type":"page","link":"https:\/\/www.mimmis-tierhilfe.de\/?page_id=826","title":{"rendered":"Gl\u00fcckskatze Fini"},"content":{"rendered":"<p>Fini durfte in ein wunderbares Zuhause nach Schweinfurt ziehen. Danke, Christine!<br \/>\n******<br \/>\nFini wurde hochtr\u00e4chtig von ihren Besitzern einfach zur\u00fcck gelassen, als diese weggezogen sind. Sie bekam dann ihre Jungen bei der Nachbarin in der Scheune. Dort konnten sie nat\u00fcrlich nicht bleiben und so kam Fini mit ihren drei Katzenbabys zu uns. Die K\u00e4tzchen sind nun schon gro\u00df, zwei konnten schon in ein neues Zuhause ziehen.<br \/>\nNun sucht Fini auch noch.<br \/>\nFini ist ca. ein Jahre alt, vielleicht etwas \u00e4lter. Sie ist eine sehr liebe und soziale Katze und kommt mit allen gut aus. Sie braucht unbedingt Freigang und mag es gar nicht, eingesperrt zu sein.<br \/>\nFini ist kastriert, t\u00e4towiert und gechipt und negativ auf FIV und Leukose getestet.<\/p>\n<p><a href=\"http:\/\/www.mimmis-katzenshop.de\/wp-content\/uploads\/2013\/10\/2013-10-20-fini4.jpg\"><img loading=\"lazy\" decoding=\"async\" class=\"alignnone size-full wp-image-900\" alt=\"2013-10-20-fini4\" src=\"http:\/\/www.mimmis-katzenshop.de\/wp-content\/uploads\/2013\/10\/2013-10-20-fini4.jpg\" width=\"700\" height=\"700\" srcset=\"https:\/\/www.mimmis-tierhilfe.de\/wp-content\/uploads\/2013\/10\/2013-10-20-fini4.jpg 700w, https:\/\/www.mimmis-tierhilfe.de\/wp-content\/uploads\/2013\/10\/2013-10-20-fini4-150x150.jpg 150w, https:\/\/www.mimmis-tierhilfe.de\/wp-content\/uploads\/2013\/10\/2013-10-20-fini4-300x300.jpg 300w, https:\/\/www.mimmis-tierhilfe.de\/wp-content\/uploads\/2013\/10\/2013-10-20-fini4-90x90.jpg 90w, https:\/\/www.mimmis-tierhilfe.de\/wp-content\/uploads\/2013\/10\/2013-10-20-fini4-380x380.jpg 380w\" sizes=\"auto, (max-width: 700px) 100vw, 700px\" \/><\/a><\/p>\n<p><a href=\"http:\/\/www.mimmis-katzenshop.de\/wp-content\/uploads\/2013\/10\/2013-10-20-fini.jpg\"><img loading=\"lazy\" decoding=\"async\" class=\"alignnone size-full wp-image-819\" alt=\"2013-10-20-fini\" src=\"http:\/\/www.mimmis-katzenshop.de\/wp-content\/uploads\/2013\/10\/2013-10-20-fini.jpg\" width=\"700\" height=\"700\" srcset=\"https:\/\/www.mimmis-tierhilfe.de\/wp-content\/uploads\/2013\/10\/2013-10-20-fini.jpg 700w, https:\/\/www.mimmis-tierhilfe.de\/wp-content\/uploads\/2013\/10\/2013-10-20-fini-150x150.jpg 150w, https:\/\/www.mimmis-tierhilfe.de\/wp-content\/uploads\/2013\/10\/2013-10-20-fini-300x300.jpg 300w, https:\/\/www.mimmis-tierhilfe.de\/wp-content\/uploads\/2013\/10\/2013-10-20-fini-90x90.jpg 90w, https:\/\/www.mimmis-tierhilfe.de\/wp-content\/uploads\/2013\/10\/2013-10-20-fini-380x380.jpg 380w\" sizes=\"auto, (max-width: 700px) 100vw, 700px\" \/><\/a><\/p>\n<p><a href=\"http:\/\/www.mimmis-katzenshop.de\/wp-content\/uploads\/2013\/10\/2013-10-19-fini.jpg\"><img loading=\"lazy\" decoding=\"async\" class=\"alignnone size-full wp-image-818\" alt=\"2013-10-19-fini\" src=\"http:\/\/www.mimmis-katzenshop.de\/wp-content\/uploads\/2013\/10\/2013-10-19-fini.jpg\" width=\"700\" height=\"700\" srcset=\"https:\/\/www.mimmis-tierhilfe.de\/wp-content\/uploads\/2013\/10\/2013-10-19-fini.jpg 700w, https:\/\/www.mimmis-tierhilfe.de\/wp-content\/uploads\/2013\/10\/2013-10-19-fini-150x150.jpg 150w, https:\/\/www.mimmis-tierhilfe.de\/wp-content\/uploads\/2013\/10\/2013-10-19-fini-300x300.jpg 300w, https:\/\/www.mimmis-tierhilfe.de\/wp-content\/uploads\/2013\/10\/2013-10-19-fini-90x90.jpg 90w, https:\/\/www.mimmis-tierhilfe.de\/wp-content\/uploads\/2013\/10\/2013-10-19-fini-380x380.jpg 380w\" sizes=\"auto, (max-width: 700px) 100vw, 700px\" \/><\/a><\/p>\n<p><a href=\"http:\/\/www.mimmis-katzenshop.de\/wp-content\/uploads\/2013\/10\/2013-10-20-fini2.jpg\"><img loading=\"lazy\" decoding=\"async\" class=\"alignnone size-full wp-image-817\" alt=\"2013-10-20-fini2\" src=\"http:\/\/www.mimmis-katzenshop.de\/wp-content\/uploads\/2013\/10\/2013-10-20-fini2.jpg\" width=\"700\" height=\"700\" srcset=\"https:\/\/www.mimmis-tierhilfe.de\/wp-content\/uploads\/2013\/10\/2013-10-20-fini2.jpg 700w, https:\/\/www.mimmis-tierhilfe.de\/wp-content\/uploads\/2013\/10\/2013-10-20-fini2-150x150.jpg 150w, https:\/\/www.mimmis-tierhilfe.de\/wp-content\/uploads\/2013\/10\/2013-10-20-fini2-300x300.jpg 300w, https:\/\/www.mimmis-tierhilfe.de\/wp-content\/uploads\/2013\/10\/2013-10-20-fini2-90x90.jpg 90w, https:\/\/www.mimmis-tierhilfe.de\/wp-content\/uploads\/2013\/10\/2013-10-20-fini2-380x380.jpg 380w\" sizes=\"auto, (max-width: 700px) 100vw, 700px\" \/><\/a><\/p>\n<p><a href=\"http:\/\/www.mimmis-katzenshop.de\/wp-content\/uploads\/2013\/10\/2013-08-09-finisbabys13.jpg\"><img loading=\"lazy\" decoding=\"async\" class=\"alignnone size-full wp-image-825\" alt=\"2013-08-09-finisbabys13\" src=\"http:\/\/www.mimmis-katzenshop.de\/wp-content\/uploads\/2013\/10\/2013-08-09-finisbabys13.jpg\" width=\"700\" height=\"526\" \/><\/a><\/p>\n","protected":false},"excerpt":{"rendered":"<p>Fini durfte in ein wunderbares Zuhause nach Schweinfurt ziehen. Danke, Christine! ****** Fini wurde hochtr\u00e4chtig von ihren Besitzern einfach zur\u00fcck gelassen, als diese weggezogen sind. Sie bekam dann ihre Jungen bei der Nachbarin in der Scheune. Dort konnten sie nat\u00fcrlich nicht bleiben und so kam Fini mit ihren drei Katzenbabys zu uns. Die K\u00e4tzchen sind &hellip; <a href=\"https:\/\/www.mimmis-tierhilfe.de\/?page_id=826\" class=\"more-link\">Weiterlesen <span class=\"screen-reader-text\">Gl\u00fcckskatze Fini<\/span><\/a><\/p>\n","protected":false},"author":2,"featured_media":0,"parent":0,"menu_order":0,"comment_status":"closed","ping_status":"open","template":"","meta":{"footnotes":""},"class_list":["post-826","page","type-page","status-publish","hentry","without-featured-image"],"jetpack_shortlink":"https:\/\/wp.me\/P9y9lg-dk","jetpack_sharing_enabled":true,"_links":{"self":[{"href":"https:\/\/www.mimmis-tierhilfe.de\/index.php?rest_route=\/wp\/v2\/pages\/826","targetHints":{"allow":["GET"]}}],"collection":[{"href":"https:\/\/www.mimmis-tierhilfe.de\/index.php?rest_route=\/wp\/v2\/pages"}],"about":[{"href":"https:\/\/www.mimmis-tierhilfe.de\/index.php?rest_route=\/wp\/v2\/types\/page"}],"author":[{"embeddable":true,"href":"https:\/\/www.mimmis-tierhilfe.de\/index.php?rest_route=\/wp\/v2\/users\/2"}],"replies":[{"embeddable":true,"href":"https:\/\/www.mimmis-tierhilfe.de\/index.php?rest_route=%2Fwp%2Fv2%2Fcomments&post=826"}],"version-history":[{"count":0,"href":"https:\/\/www.mimmis-tierhilfe.de\/index.php?rest_route=\/wp\/v2\/pages\/826\/revisions"}],"wp:attachment":[{"href":"https:\/\/www.mimmis-tierhilfe.de\/index.php?rest_route=%2Fwp%2Fv2%2Fmedia&parent=826"}],"curies":[{"name":"wp","href":"https:\/\/api.w.org\/{rel}","templated":true}]}}