{"id":480,"date":"2013-10-11T22:22:13","date_gmt":"2013-10-11T21:22:13","guid":{"rendered":"http:\/\/netzwerk-der-nachhaltigkeit.de\/?page_id=480"},"modified":"2013-10-11T22:22:13","modified_gmt":"2013-10-11T21:22:13","slug":"mimmis","status":"publish","type":"page","link":"https:\/\/www.mimmis-tierhilfe.de\/?page_id=480","title":{"rendered":"Willkommen bei MIMMIs"},"content":{"rendered":"<p>Vor 13 Jahren stand die erste Katze bei uns vor der T\u00fcr an unserem alten Standort in der Rh\u00f6n, die Schlosskatze Hermine. Sehr hungrig und anh\u00e4nglich. Gut, f\u00fcttern k\u00f6nnen wir sie ja. Aber im Haus wollte ich sie eigentlich nicht haben. Es wurde Herbst, es wurde kalt, mein Widerstand schmolz. Kurz und gut, kurze Zeit sp\u00e4ter schlief sie bei uns im Bett. Und ich merkte, ich will nie wieder ohne Katze sein. Was sind das doch f\u00fcr tolle Tiere: Stolz und unabh\u00e4ngig und doch anh\u00e4nglich. Den gr\u00f6\u00dften Stress schnurrt eine Katze in Minuten einfach weg.<\/p>\n<p><a href=\"http:\/\/www.mimmis-katzenshop.de\/wp-content\/uploads\/2013\/10\/hermine2.jpg\"><img loading=\"lazy\" decoding=\"async\" class=\"alignnone size-medium wp-image-550\" src=\"http:\/\/www.mimmis-katzenshop.de\/wp-content\/uploads\/2013\/10\/hermine2-291x300.jpg\" alt=\"hermine2\" width=\"291\" height=\"300\" srcset=\"https:\/\/www.mimmis-tierhilfe.de\/wp-content\/uploads\/2013\/10\/hermine2-291x300.jpg 291w, https:\/\/www.mimmis-tierhilfe.de\/wp-content\/uploads\/2013\/10\/hermine2-369x380.jpg 369w, https:\/\/www.mimmis-tierhilfe.de\/wp-content\/uploads\/2013\/10\/hermine2.jpg 680w\" sizes=\"auto, (max-width: 291px) 100vw, 291px\" \/><\/a><\/p>\n<p><em>Hermine (*??, gestorben 11\/2012)<\/em><\/p>\n<p>Ein Jahr sp\u00e4ter fand Jens eine Schachtel im Wald mit kleinen Katzenkindern, einfach ausgesetzt. Wir waren entsetzt, wie kann man so was nur machen. Es ging weiter, verletzte K\u00e4tzchen, um die sich keiner k\u00fcmmert. Verrotzte Babykatzen, die verhungerten usw. Und ich beschloss, gegen das Elend etwas zu machen. Wenig sp\u00e4ter habe ich meine Freundin Stella in Thessaloniki kennen gelernt. Dort war das Elend noch viel gr\u00f6\u00dfer. Anpacken war angesagt. Vor gut f\u00fcnf Jahren sind wir dann nach Unterfranken gezogen und haben fast schon griechische Verh\u00e4ltnisse vorgefunden. Also geht mein Engagement hier weiter. Und ich habe immer noch Freude daran, zu helfen.<\/p>\n<p>Ich mag keine Pfotenprints, keine Fleecedecken, die stinken, keine pinkfarbenen Katzenk\u00f6rbchen mit Tigermustern und Stra\u00dfsteinchen. Und meine Katzen liegen auch am liebsten in K\u00f6rben aus unbehandelter Weide. Sie geniessen den nat\u00fcrlichen Geruch und die sanfte W\u00e4rme der Dinkelspelzen. Sie lieben die Schafffelle und spielen gerne mit Spielm\u00e4usen aus Filz und B\u00e4llchen aus Holz. Da man im Netz nur sehr selten sch\u00f6ne und praktische Dinge f\u00fcr Katzen aus Naturmaterialien kaufen kann, habe ich beschlossen, selbst etwas anzubieten. Und damit mein Engagement zu finanzieren.<\/p>\n<p>Der komplette Erl\u00f6s aus <a href=\"http:\/\/shop.mimmis-katzenshop.de\">MIMMIs Katzenshop<\/a> wird f\u00fcr arme Samtpfoten verwendet. Unter <a title=\"Projekte\" href=\"http:\/\/netzwerk-der-nachhaltigkeit.de\/projekte\/\">Projekte <\/a>kann man alles genau nachlesen.\u00a0 <em><br \/>\n<\/em><\/p>\n<p>Und nun, viel Spa\u00df beim schm\u00f6kern!<\/p>\n<p><em>Models (von lins nach rechts): Pflegekatze Marlene, meine Rosalie, die leider gestorben ist und Carma, die nun in Sachsen-Anhalt lebt.<\/em><\/p>\n","protected":false},"excerpt":{"rendered":"<p>Vor 13 Jahren stand die erste Katze bei uns vor der T\u00fcr an unserem alten Standort in der Rh\u00f6n, die Schlosskatze Hermine. Sehr hungrig und anh\u00e4nglich. Gut, f\u00fcttern k\u00f6nnen wir sie ja. Aber im Haus wollte ich sie eigentlich nicht haben. Es wurde Herbst, es wurde kalt, mein Widerstand schmolz. Kurz und gut, kurze Zeit &hellip; <a href=\"https:\/\/www.mimmis-tierhilfe.de\/?page_id=480\" class=\"more-link\">Weiterlesen <span class=\"screen-reader-text\">Willkommen bei MIMMIs<\/span><\/a><\/p>\n","protected":false},"author":2,"featured_media":0,"parent":0,"menu_order":0,"comment_status":"closed","ping_status":"open","template":"","meta":{"footnotes":""},"class_list":["post-480","page","type-page","status-publish","hentry","without-featured-image"],"jetpack_shortlink":"https:\/\/wp.me\/P9y9lg-7K","jetpack_sharing_enabled":true,"_links":{"self":[{"href":"https:\/\/www.mimmis-tierhilfe.de\/index.php?rest_route=\/wp\/v2\/pages\/480","targetHints":{"allow":["GET"]}}],"collection":[{"href":"https:\/\/www.mimmis-tierhilfe.de\/index.php?rest_route=\/wp\/v2\/pages"}],"about":[{"href":"https:\/\/www.mimmis-tierhilfe.de\/index.php?rest_route=\/wp\/v2\/types\/page"}],"author":[{"embeddable":true,"href":"https:\/\/www.mimmis-tierhilfe.de\/index.php?rest_route=\/wp\/v2\/users\/2"}],"replies":[{"embeddable":true,"href":"https:\/\/www.mimmis-tierhilfe.de\/index.php?rest_route=%2Fwp%2Fv2%2Fcomments&post=480"}],"version-history":[{"count":0,"href":"https:\/\/www.mimmis-tierhilfe.de\/index.php?rest_route=\/wp\/v2\/pages\/480\/revisions"}],"wp:attachment":[{"href":"https:\/\/www.mimmis-tierhilfe.de\/index.php?rest_route=%2Fwp%2Fv2%2Fmedia&parent=480"}],"curies":[{"name":"wp","href":"https:\/\/api.w.org\/{rel}","templated":true}]}}