{"id":44,"date":"2016-11-02T19:50:56","date_gmt":"2016-11-02T17:50:56","guid":{"rendered":"https:\/\/mimmistierheilpraxis.wordpress.com\/?page_id=44"},"modified":"2020-08-18T13:02:34","modified_gmt":"2020-08-18T11:02:34","slug":"katzenkrankenschwester","status":"publish","type":"page","link":"https:\/\/www.mimmis-tierhilfe.de\/?page_id=44","title":{"rendered":"Katzenkrankenschwester \/ Tierheilpraxis"},"content":{"rendered":"<p>Was macht eine Krankenschwester? Sie versorgt und umsorgt ihre Patienten, pflegt und betreut, verabreicht die vom Doc verschriebenen Medikamente, nimmt Blut ab und verpasst Spritzen und Infusionen, erkl\u00e4rt die fachchinesischen Diagnosen des Arztes und versorgt Wunden, \u00e4ussere und manchmal auch seelische. Sie hat Zeit f\u00fcr das, was sonst zu kurz kommt, macht Mut und leistet Beistand. Und begleitet Patienten und ihre Angeh\u00f6rigen durch den Krankheitsprozess. Fr\u00fcher kam die Gemeindeschwester heim zu den Kranken. Hat geschaut, was los ist und entschieden, braucht man einen Arzt oder gar ein Krankenhaus oder kann man mit einfachen Mitteln helfen. Sie war Ansprechpartnerin f\u00fcr viele Fragen aus dem Bereich Gesundheit und oftmals Gold wert. Und sie wusste, Zuwendung ist oftmals mehr wert als Anwendung.<\/p>\n<p>Als vor vielen Jahren meine Katze Hermine so krank war, habe ich mir gew\u00fcnscht, es g\u00e4be so eine Krankenschwester auch f\u00fcr Tiere. Gab es aber nicht, also bin ich eben selber eine geworden.<\/p>\n<p>Ich habe eine Ausbildung zur Tierheilpraktikerin und Tierpsychologin gemacht und ein eigenes Unternehmen, also eine <strong>Tierheilpraxis<\/strong> gegr\u00fcndet.<\/p>\n","protected":false},"excerpt":{"rendered":"<p>Was macht eine Krankenschwester? Sie versorgt und umsorgt ihre Patienten, pflegt und betreut, verabreicht die vom Doc verschriebenen Medikamente, nimmt Blut ab und verpasst Spritzen und Infusionen, erkl\u00e4rt die fachchinesischen Diagnosen des Arztes und versorgt Wunden, \u00e4ussere und manchmal auch seelische. Sie hat Zeit f\u00fcr das, was sonst zu kurz kommt, macht Mut und leistet &hellip; <a href=\"https:\/\/www.mimmis-tierhilfe.de\/?page_id=44\" class=\"more-link\">Weiterlesen <span class=\"screen-reader-text\">Katzenkrankenschwester \/ Tierheilpraxis<\/span><\/a><\/p>\n","protected":false},"author":1,"featured_media":2404,"parent":0,"menu_order":0,"comment_status":"closed","ping_status":"closed","template":"","meta":{"footnotes":""},"class_list":["post-44","page","type-page","status-publish","has-post-thumbnail","hentry","with-featured-image"],"jetpack_shortlink":"https:\/\/wp.me\/P9y9lg-I","jetpack_sharing_enabled":true,"_links":{"self":[{"href":"https:\/\/www.mimmis-tierhilfe.de\/index.php?rest_route=\/wp\/v2\/pages\/44","targetHints":{"allow":["GET"]}}],"collection":[{"href":"https:\/\/www.mimmis-tierhilfe.de\/index.php?rest_route=\/wp\/v2\/pages"}],"about":[{"href":"https:\/\/www.mimmis-tierhilfe.de\/index.php?rest_route=\/wp\/v2\/types\/page"}],"author":[{"embeddable":true,"href":"https:\/\/www.mimmis-tierhilfe.de\/index.php?rest_route=\/wp\/v2\/users\/1"}],"replies":[{"embeddable":true,"href":"https:\/\/www.mimmis-tierhilfe.de\/index.php?rest_route=%2Fwp%2Fv2%2Fcomments&post=44"}],"version-history":[{"count":4,"href":"https:\/\/www.mimmis-tierhilfe.de\/index.php?rest_route=\/wp\/v2\/pages\/44\/revisions"}],"predecessor-version":[{"id":2434,"href":"https:\/\/www.mimmis-tierhilfe.de\/index.php?rest_route=\/wp\/v2\/pages\/44\/revisions\/2434"}],"wp:featuredmedia":[{"embeddable":true,"href":"https:\/\/www.mimmis-tierhilfe.de\/index.php?rest_route=\/wp\/v2\/media\/2404"}],"wp:attachment":[{"href":"https:\/\/www.mimmis-tierhilfe.de\/index.php?rest_route=%2Fwp%2Fv2%2Fmedia&parent=44"}],"curies":[{"name":"wp","href":"https:\/\/api.w.org\/{rel}","templated":true}]}}