{"id":37,"date":"2016-11-02T19:26:25","date_gmt":"2016-11-02T17:26:25","guid":{"rendered":"https:\/\/mimmistierheilpraxis.wordpress.com\/?page_id=37"},"modified":"2020-08-18T12:48:47","modified_gmt":"2020-08-18T10:48:47","slug":"ausbildung","status":"publish","type":"page","link":"https:\/\/www.mimmis-tierhilfe.de\/?page_id=37","title":{"rendered":"Ausbildung"},"content":{"rendered":"<p>Ich habe meine Ausbildung zur <strong>Tierheilpraktikerin<\/strong> bei der Studiengemeinschaft Darmstadt absolviert. Inhalte der Ausbildung waren Grundlagen der Veterin\u00e4rmedizin und der Naturheilkunde. Erg\u00e4nzt wurde die Ausbildung durch praktische Seminare mit den Inhalten wie Allgemeine Untersuchungen, Anamneseerhebung, Erste-Hilfe-Ma\u00dfnahmen, Injektionstechniken u.a.<\/p>\n<p>Am 28. Oktober 2016 habe ich erfolgreich meine Kenntnis\u00fcberpr\u00fcfung Fachbereich Kleintiere beim Verband Freier Tierheilprakiker e.V. mit der Note 1,5 abgelegt. Bestandteil der Pr\u00fcfung war eine Facharbeit, die ich zum Thema &#8222;Katzenschnupfenkomplex&#8220; erarbeitet habe. Desweiteren waren eine schriftliche, eine praktische und eine m\u00fcndliche Pr\u00fcfung zu absolvieren.<\/p>\n<p>Die Ausbildung zur <strong>Tierpsychologin<\/strong> habe ich ebenfalls bei der Studiengemeinschaft Darmstadt absolviert. Inhalte waren Allgemeine und Spezifische Ethologie, Beratung in Haltungsfragen (artgerechte Unterbringung, Ern\u00e4hrung, Besch\u00e4ftigungsm\u00f6glichkeiten, Gesundheitsvorsorge), Beratung in Erziehungsfragen, Umgang mit Verhaltensauff\u00e4lligkeiten (Anamnese, Therapieplan, Evaluation) f\u00fcr die Tierarten Katze, Hund und Kleins\u00e4uger.<\/p>\n<p>Ich besuche regelm\u00e4ssig Seminare, Online-Kurse und tiermedizinische Webinare, um mich weiter zu bilden.<\/p>\n","protected":false},"excerpt":{"rendered":"<p>Ich habe meine Ausbildung zur Tierheilpraktikerin bei der Studiengemeinschaft Darmstadt absolviert. Inhalte der Ausbildung waren Grundlagen der Veterin\u00e4rmedizin und der Naturheilkunde. Erg\u00e4nzt wurde die Ausbildung durch praktische Seminare mit den Inhalten wie Allgemeine Untersuchungen, Anamneseerhebung, Erste-Hilfe-Ma\u00dfnahmen, Injektionstechniken u.a. Am 28. Oktober 2016 habe ich erfolgreich meine Kenntnis\u00fcberpr\u00fcfung Fachbereich Kleintiere beim Verband Freier Tierheilprakiker e.V. mit &hellip; <a href=\"https:\/\/www.mimmis-tierhilfe.de\/?page_id=37\" class=\"more-link\">Weiterlesen <span class=\"screen-reader-text\">Ausbildung<\/span><\/a><\/p>\n","protected":false},"author":1,"featured_media":59,"parent":0,"menu_order":0,"comment_status":"closed","ping_status":"closed","template":"","meta":{"footnotes":""},"class_list":["post-37","page","type-page","status-publish","has-post-thumbnail","hentry","with-featured-image"],"jetpack_shortlink":"https:\/\/wp.me\/P9y9lg-B","jetpack_sharing_enabled":true,"_links":{"self":[{"href":"https:\/\/www.mimmis-tierhilfe.de\/index.php?rest_route=\/wp\/v2\/pages\/37","targetHints":{"allow":["GET"]}}],"collection":[{"href":"https:\/\/www.mimmis-tierhilfe.de\/index.php?rest_route=\/wp\/v2\/pages"}],"about":[{"href":"https:\/\/www.mimmis-tierhilfe.de\/index.php?rest_route=\/wp\/v2\/types\/page"}],"author":[{"embeddable":true,"href":"https:\/\/www.mimmis-tierhilfe.de\/index.php?rest_route=\/wp\/v2\/users\/1"}],"replies":[{"embeddable":true,"href":"https:\/\/www.mimmis-tierhilfe.de\/index.php?rest_route=%2Fwp%2Fv2%2Fcomments&post=37"}],"version-history":[{"count":2,"href":"https:\/\/www.mimmis-tierhilfe.de\/index.php?rest_route=\/wp\/v2\/pages\/37\/revisions"}],"predecessor-version":[{"id":2428,"href":"https:\/\/www.mimmis-tierhilfe.de\/index.php?rest_route=\/wp\/v2\/pages\/37\/revisions\/2428"}],"wp:featuredmedia":[{"embeddable":true,"href":"https:\/\/www.mimmis-tierhilfe.de\/index.php?rest_route=\/wp\/v2\/media\/59"}],"wp:attachment":[{"href":"https:\/\/www.mimmis-tierhilfe.de\/index.php?rest_route=%2Fwp%2Fv2%2Fmedia&parent=37"}],"curies":[{"name":"wp","href":"https:\/\/api.w.org\/{rel}","templated":true}]}}