{"id":2288,"date":"2020-01-04T17:47:44","date_gmt":"2020-01-04T16:47:44","guid":{"rendered":"https:\/\/www.mimmis-tierhilfe.de\/?page_id=2288"},"modified":"2020-08-18T12:14:07","modified_gmt":"2020-08-18T10:14:07","slug":"die-vier-koenigstiger-suchen-ein-zuhause","status":"publish","type":"page","link":"https:\/\/www.mimmis-tierhilfe.de\/?page_id=2288","title":{"rendered":"Die vier K\u00f6nigstiger suchen ein Zuhause (alle vermittelt)"},"content":{"rendered":"\n<figure class=\"wp-block-gallery columns-3 is-cropped wp-block-gallery-1 is-layout-flex wp-block-gallery-is-layout-flex\"><ul class=\"blocks-gallery-grid\"><li class=\"blocks-gallery-item\"><figure><img loading=\"lazy\" decoding=\"async\" width=\"600\" height=\"800\" src=\"https:\/\/www.mimmis-tierhilfe.de\/wp-content\/uploads\/2020\/01\/IMG_4646-1.jpeg\" alt=\"\" data-id=\"2286\" data-full-url=\"https:\/\/www.mimmis-tierhilfe.de\/wp-content\/uploads\/2020\/01\/IMG_4646-1.jpeg\" data-link=\"https:\/\/www.mimmis-tierhilfe.de\/?attachment_id=2286#main\" class=\"wp-image-2286\" srcset=\"https:\/\/www.mimmis-tierhilfe.de\/wp-content\/uploads\/2020\/01\/IMG_4646-1.jpeg 600w, https:\/\/www.mimmis-tierhilfe.de\/wp-content\/uploads\/2020\/01\/IMG_4646-1-225x300.jpeg 225w, https:\/\/www.mimmis-tierhilfe.de\/wp-content\/uploads\/2020\/01\/IMG_4646-1-285x380.jpeg 285w\" sizes=\"auto, (max-width: 600px) 100vw, 600px\" \/><\/figure><\/li><li class=\"blocks-gallery-item\"><figure><img loading=\"lazy\" decoding=\"async\" width=\"683\" height=\"800\" src=\"https:\/\/www.mimmis-tierhilfe.de\/wp-content\/uploads\/2020\/01\/IMG_4647-1.jpeg\" alt=\"\" data-id=\"2285\" data-full-url=\"https:\/\/www.mimmis-tierhilfe.de\/wp-content\/uploads\/2020\/01\/IMG_4647-1.jpeg\" data-link=\"https:\/\/www.mimmis-tierhilfe.de\/?attachment_id=2285#main\" class=\"wp-image-2285\" srcset=\"https:\/\/www.mimmis-tierhilfe.de\/wp-content\/uploads\/2020\/01\/IMG_4647-1.jpeg 683w, https:\/\/www.mimmis-tierhilfe.de\/wp-content\/uploads\/2020\/01\/IMG_4647-1-256x300.jpeg 256w, https:\/\/www.mimmis-tierhilfe.de\/wp-content\/uploads\/2020\/01\/IMG_4647-1-324x380.jpeg 324w\" sizes=\"auto, (max-width: 683px) 100vw, 683px\" \/><\/figure><\/li><li class=\"blocks-gallery-item\"><figure><img loading=\"lazy\" decoding=\"async\" width=\"793\" height=\"800\" src=\"https:\/\/www.mimmis-tierhilfe.de\/wp-content\/uploads\/2020\/01\/IMG_4648-1.jpeg\" alt=\"\" data-id=\"2284\" data-full-url=\"https:\/\/www.mimmis-tierhilfe.de\/wp-content\/uploads\/2020\/01\/IMG_4648-1.jpeg\" data-link=\"https:\/\/www.mimmis-tierhilfe.de\/?attachment_id=2284#main\" class=\"wp-image-2284\" srcset=\"https:\/\/www.mimmis-tierhilfe.de\/wp-content\/uploads\/2020\/01\/IMG_4648-1.jpeg 793w, https:\/\/www.mimmis-tierhilfe.de\/wp-content\/uploads\/2020\/01\/IMG_4648-1-297x300.jpeg 297w, https:\/\/www.mimmis-tierhilfe.de\/wp-content\/uploads\/2020\/01\/IMG_4648-1-150x150.jpeg 150w, https:\/\/www.mimmis-tierhilfe.de\/wp-content\/uploads\/2020\/01\/IMG_4648-1-768x775.jpeg 768w, https:\/\/www.mimmis-tierhilfe.de\/wp-content\/uploads\/2020\/01\/IMG_4648-1-90x90.jpeg 90w, https:\/\/www.mimmis-tierhilfe.de\/wp-content\/uploads\/2020\/01\/IMG_4648-1-377x380.jpeg 377w\" sizes=\"auto, (max-width: 793px) 100vw, 793px\" \/><\/figure><\/li><li class=\"blocks-gallery-item\"><figure><img loading=\"lazy\" decoding=\"async\" width=\"600\" height=\"800\" src=\"https:\/\/www.mimmis-tierhilfe.de\/wp-content\/uploads\/2020\/01\/IMG_4669-1.jpeg\" alt=\"\" data-id=\"2283\" data-full-url=\"https:\/\/www.mimmis-tierhilfe.de\/wp-content\/uploads\/2020\/01\/IMG_4669-1.jpeg\" data-link=\"https:\/\/www.mimmis-tierhilfe.de\/?attachment_id=2283#main\" class=\"wp-image-2283\" srcset=\"https:\/\/www.mimmis-tierhilfe.de\/wp-content\/uploads\/2020\/01\/IMG_4669-1.jpeg 600w, https:\/\/www.mimmis-tierhilfe.de\/wp-content\/uploads\/2020\/01\/IMG_4669-1-225x300.jpeg 225w, https:\/\/www.mimmis-tierhilfe.de\/wp-content\/uploads\/2020\/01\/IMG_4669-1-285x380.jpeg 285w\" sizes=\"auto, (max-width: 600px) 100vw, 600px\" \/><\/figure><\/li><li class=\"blocks-gallery-item\"><figure><img loading=\"lazy\" decoding=\"async\" width=\"741\" height=\"800\" src=\"https:\/\/www.mimmis-tierhilfe.de\/wp-content\/uploads\/2020\/01\/IMG_4670-1.jpeg\" alt=\"\" data-id=\"2282\" data-full-url=\"https:\/\/www.mimmis-tierhilfe.de\/wp-content\/uploads\/2020\/01\/IMG_4670-1.jpeg\" data-link=\"https:\/\/www.mimmis-tierhilfe.de\/?attachment_id=2282#main\" class=\"wp-image-2282\" srcset=\"https:\/\/www.mimmis-tierhilfe.de\/wp-content\/uploads\/2020\/01\/IMG_4670-1.jpeg 741w, https:\/\/www.mimmis-tierhilfe.de\/wp-content\/uploads\/2020\/01\/IMG_4670-1-278x300.jpeg 278w, https:\/\/www.mimmis-tierhilfe.de\/wp-content\/uploads\/2020\/01\/IMG_4670-1-352x380.jpeg 352w\" sizes=\"auto, (max-width: 741px) 100vw, 741px\" \/><\/figure><\/li><li class=\"blocks-gallery-item\"><figure><img loading=\"lazy\" decoding=\"async\" width=\"686\" height=\"800\" src=\"https:\/\/www.mimmis-tierhilfe.de\/wp-content\/uploads\/2020\/01\/IMG_4671.jpeg\" alt=\"\" data-id=\"2281\" data-full-url=\"https:\/\/www.mimmis-tierhilfe.de\/wp-content\/uploads\/2020\/01\/IMG_4671.jpeg\" data-link=\"https:\/\/www.mimmis-tierhilfe.de\/?attachment_id=2281#main\" class=\"wp-image-2281\" srcset=\"https:\/\/www.mimmis-tierhilfe.de\/wp-content\/uploads\/2020\/01\/IMG_4671.jpeg 686w, https:\/\/www.mimmis-tierhilfe.de\/wp-content\/uploads\/2020\/01\/IMG_4671-257x300.jpeg 257w, https:\/\/www.mimmis-tierhilfe.de\/wp-content\/uploads\/2020\/01\/IMG_4671-326x380.jpeg 326w\" sizes=\"auto, (max-width: 686px) 100vw, 686px\" \/><\/figure><\/li><li class=\"blocks-gallery-item\"><figure><img loading=\"lazy\" decoding=\"async\" width=\"800\" height=\"654\" src=\"https:\/\/www.mimmis-tierhilfe.de\/wp-content\/uploads\/2020\/01\/IMG_4684-1.jpeg\" alt=\"\" data-id=\"2280\" data-full-url=\"https:\/\/www.mimmis-tierhilfe.de\/wp-content\/uploads\/2020\/01\/IMG_4684-1.jpeg\" data-link=\"https:\/\/www.mimmis-tierhilfe.de\/?attachment_id=2280#main\" class=\"wp-image-2280\" srcset=\"https:\/\/www.mimmis-tierhilfe.de\/wp-content\/uploads\/2020\/01\/IMG_4684-1.jpeg 800w, https:\/\/www.mimmis-tierhilfe.de\/wp-content\/uploads\/2020\/01\/IMG_4684-1-300x245.jpeg 300w, https:\/\/www.mimmis-tierhilfe.de\/wp-content\/uploads\/2020\/01\/IMG_4684-1-768x628.jpeg 768w, https:\/\/www.mimmis-tierhilfe.de\/wp-content\/uploads\/2020\/01\/IMG_4684-1-465x380.jpeg 465w\" sizes=\"auto, (max-width: 800px) 100vw, 800px\" \/><\/figure><\/li><\/ul><\/figure>\n\n\n\n<p>Kolja, Vladi, Pawel und Mischa sind von einer Familie, deren die Katzenhaltung \u00fcber den Kopf gewachsen ist. Da sie sehr krank waren, zudem der Winter Einzug hielt und die K\u00e4tzchen nicht ins Haus durften, kamen sie zusammen mit ihren M\u00fcttern zu uns.<\/p>\n\n\n\n<p>Es hat sehr lange gedauert, bis sie gesund wurden. Aber nun sind sie es im Prinzip und suchen ein sch\u00f6nes Zuhause. Bis auf Kolja war die Bande nicht wirklich zutraulich. Die lange Eingabe von Medizin hat nicht gerade dazu beigetragen, das Zutrauen zu uns zu f\u00f6rdern. Aber mit ein bisschen Geduld wird das. Und wenn man mit ihnen spielt, ist jegliche Zur\u00fcckhaltung eh vergessen.<br> Die Katerchen sind nun ca. 4 Monate alt und werden zusammen oder zu einer anderen sozialen Katze vermittelt. Da sie keinerlei Anstalten machen, raus zu wollen, k\u00f6nnen sie in Wohnungshaltung. Ein vernetzter Balkon w\u00e4re aber sch\u00f6n.<br> Die K\u00e4tzchen werden nach einem pers\u00f6nlichen Kennenlernen mit Schutzvertrag in ihr neues Zuhause gebracht. Sie haben alle einen Mikrochip.<\/p>\n","protected":false},"excerpt":{"rendered":"<p>Kolja, Vladi, Pawel und Mischa sind von einer Familie, deren die Katzenhaltung \u00fcber den Kopf gewachsen ist. Da sie sehr krank waren, zudem der Winter Einzug hielt und die K\u00e4tzchen nicht ins Haus durften, kamen sie zusammen mit ihren M\u00fcttern zu uns. Es hat sehr lange gedauert, bis sie gesund wurden. Aber nun sind sie &hellip; <a href=\"https:\/\/www.mimmis-tierhilfe.de\/?page_id=2288\" class=\"more-link\">Weiterlesen <span class=\"screen-reader-text\">Die vier K\u00f6nigstiger suchen ein Zuhause (alle vermittelt)<\/span><\/a><\/p>\n","protected":false},"author":1,"featured_media":0,"parent":0,"menu_order":0,"comment_status":"closed","ping_status":"closed","template":"","meta":{"footnotes":""},"class_list":["post-2288","page","type-page","status-publish","hentry","without-featured-image"],"jetpack_shortlink":"https:\/\/wp.me\/P9y9lg-AU","jetpack_sharing_enabled":true,"_links":{"self":[{"href":"https:\/\/www.mimmis-tierhilfe.de\/index.php?rest_route=\/wp\/v2\/pages\/2288","targetHints":{"allow":["GET"]}}],"collection":[{"href":"https:\/\/www.mimmis-tierhilfe.de\/index.php?rest_route=\/wp\/v2\/pages"}],"about":[{"href":"https:\/\/www.mimmis-tierhilfe.de\/index.php?rest_route=\/wp\/v2\/types\/page"}],"author":[{"embeddable":true,"href":"https:\/\/www.mimmis-tierhilfe.de\/index.php?rest_route=\/wp\/v2\/users\/1"}],"replies":[{"embeddable":true,"href":"https:\/\/www.mimmis-tierhilfe.de\/index.php?rest_route=%2Fwp%2Fv2%2Fcomments&post=2288"}],"version-history":[{"count":2,"href":"https:\/\/www.mimmis-tierhilfe.de\/index.php?rest_route=\/wp\/v2\/pages\/2288\/revisions"}],"predecessor-version":[{"id":2369,"href":"https:\/\/www.mimmis-tierhilfe.de\/index.php?rest_route=\/wp\/v2\/pages\/2288\/revisions\/2369"}],"wp:attachment":[{"href":"https:\/\/www.mimmis-tierhilfe.de\/index.php?rest_route=%2Fwp%2Fv2%2Fmedia&parent=2288"}],"curies":[{"name":"wp","href":"https:\/\/api.w.org\/{rel}","templated":true}]}}