{"id":1809,"date":"2017-05-01T20:46:03","date_gmt":"2017-05-01T19:46:03","guid":{"rendered":"http:\/\/www.mimmis-katzenshop.de\/?page_id=1809"},"modified":"2017-05-01T20:46:03","modified_gmt":"2017-05-01T19:46:03","slug":"fledermaus-ruth","status":"publish","type":"page","link":"https:\/\/www.mimmis-tierhilfe.de\/?page_id=1809","title":{"rendered":"Fledermaus Ruth"},"content":{"rendered":"<p>Die kleine Fledermaus ist hier in Unterfranken einer \u00e4lteren Dame zugelaufen. Sie war in keinem guten Zustand, voller Fl\u00f6he und krank. Sie hatte eine lebensbedrohliche Geb\u00e4rmuttervereiterung, die eine gr\u00f6\u00dfere Operation mit intensivmedizinicher Behandlung n\u00f6tig gemacht hat. Wir wissen nicht, was das sch\u00f6ne Siamm\u00e4dchen erlebt hat oder wo sie herkommt. Sie war nicht gekennzeichnet und wird nirgends vermisst. Also sucht sie nun ein Zuhause.<\/p>\n<p><a href=\"http:\/\/www.mimmis-katzenshop.de\/wp-content\/uploads\/2017\/04\/Fledermaus.jpg\"><img loading=\"lazy\" decoding=\"async\" class=\"alignnone size-full wp-image-1805\" src=\"http:\/\/www.mimmis-katzenshop.de\/wp-content\/uploads\/2017\/04\/Fledermaus.jpg\" alt=\"\" width=\"1404\" height=\"1123\" \/><\/a><br \/>\nSie ist ca. 2 Jahre alt, nun kastriert, negativ auf FIV und FeLV getestet und hat einen Chip. Sie ist sehr anh\u00e4nglich, aber auch \u00e4ngstlich und braucht ein verl\u00e4ssliches und stabiles Zuhause ohne kleine Kinder, in dem sie wieder ins Lot kommen kann. Sie ist sehr ungern alleine im Moment.<br \/>\nVor anderen Katzen hat sie Angst, aber das wird vermutlich besser, wenn sie stabiler ist. Drum denken wir, Katzengesellschaft w\u00fcrden ihr gut tun, wenn die Mitkatze eine ausgeglichene und soziale Katze ist.<\/p>\n<p>Freigang braucht sie keinen, aber einen gesicherten Balkon, viel Besch\u00e4ftigung und Liebe.<\/p>\n<p>Sie wird nach einem pers\u00f6nlichen Kennenlernen mit Schutzvertrag in ihr neues (rauchfreies) Zuhause gebracht. Vom Adoptanten wird eine angemessene Beteiligung an den Tierarztkosten von derzeit 670,- EUR erwartet.<\/p>\n","protected":false},"excerpt":{"rendered":"<p>Die kleine Fledermaus ist hier in Unterfranken einer \u00e4lteren Dame zugelaufen. Sie war in keinem guten Zustand, voller Fl\u00f6he und krank. Sie hatte eine lebensbedrohliche Geb\u00e4rmuttervereiterung, die eine gr\u00f6\u00dfere Operation mit intensivmedizinicher Behandlung n\u00f6tig gemacht hat. Wir wissen nicht, was das sch\u00f6ne Siamm\u00e4dchen erlebt hat oder wo sie herkommt. Sie war nicht gekennzeichnet und wird &hellip; <a href=\"https:\/\/www.mimmis-tierhilfe.de\/?page_id=1809\" class=\"more-link\">Weiterlesen <span class=\"screen-reader-text\">Fledermaus Ruth<\/span><\/a><\/p>\n","protected":false},"author":2,"featured_media":0,"parent":0,"menu_order":0,"comment_status":"closed","ping_status":"closed","template":"","meta":{"footnotes":""},"class_list":["post-1809","page","type-page","status-publish","hentry","without-featured-image"],"jetpack_shortlink":"https:\/\/wp.me\/P9y9lg-tb","jetpack_sharing_enabled":true,"_links":{"self":[{"href":"https:\/\/www.mimmis-tierhilfe.de\/index.php?rest_route=\/wp\/v2\/pages\/1809","targetHints":{"allow":["GET"]}}],"collection":[{"href":"https:\/\/www.mimmis-tierhilfe.de\/index.php?rest_route=\/wp\/v2\/pages"}],"about":[{"href":"https:\/\/www.mimmis-tierhilfe.de\/index.php?rest_route=\/wp\/v2\/types\/page"}],"author":[{"embeddable":true,"href":"https:\/\/www.mimmis-tierhilfe.de\/index.php?rest_route=\/wp\/v2\/users\/2"}],"replies":[{"embeddable":true,"href":"https:\/\/www.mimmis-tierhilfe.de\/index.php?rest_route=%2Fwp%2Fv2%2Fcomments&post=1809"}],"version-history":[{"count":0,"href":"https:\/\/www.mimmis-tierhilfe.de\/index.php?rest_route=\/wp\/v2\/pages\/1809\/revisions"}],"wp:attachment":[{"href":"https:\/\/www.mimmis-tierhilfe.de\/index.php?rest_route=%2Fwp%2Fv2%2Fmedia&parent=1809"}],"curies":[{"name":"wp","href":"https:\/\/api.w.org\/{rel}","templated":true}]}}