{"id":1718,"date":"2016-11-06T16:51:55","date_gmt":"2016-11-06T15:51:55","guid":{"rendered":"http:\/\/www.mimmis-katzenshop.de\/?page_id=1718"},"modified":"2016-11-06T16:51:55","modified_gmt":"2016-11-06T15:51:55","slug":"mimmis-katzenkinder-suchen-ein-zuhause","status":"publish","type":"page","link":"https:\/\/www.mimmis-tierhilfe.de\/?page_id=1718","title":{"rendered":"MIMMIs Katzenkinder suchen ein Zuhause"},"content":{"rendered":"<p>Mette, Malika, Marit und Mikesch haben ein sch\u00f6nes Zuhause gefunden. Nun suchen noch<\/p>\n<p><strong>Janosch<\/strong><\/p>\n<p><a href=\"http:\/\/www.mimmis-katzenshop.de\/wp-content\/uploads\/2016\/11\/20161102-IMG_4364.jpg\"><img loading=\"lazy\" decoding=\"async\" class=\"alignnone size-full wp-image-1711\" src=\"http:\/\/www.mimmis-katzenshop.de\/wp-content\/uploads\/2016\/11\/20161102-IMG_4364.jpg\" alt=\"20161102-img_4364\" width=\"5184\" height=\"3456\" \/><\/a><\/p>\n<p>Janosch wurde Mitte Juli 2016 geboren und war durch ganz schlimmen Katzenschnupfen nahezu blind. Aber er hat seine Erkrankung gut \u00fcberstanden und kann mit beiden Augen sehen.<\/p>\n<p><strong>Ella<\/strong><\/p>\n<p><a href=\"http:\/\/www.mimmis-katzenshop.de\/wp-content\/uploads\/2016\/11\/20161102-IMG_4351.jpg\"><img loading=\"lazy\" decoding=\"async\" class=\"alignnone size-full wp-image-1713\" src=\"http:\/\/www.mimmis-katzenshop.de\/wp-content\/uploads\/2016\/11\/20161102-IMG_4351.jpg\" alt=\"20161102-img_4351\" width=\"3272\" height=\"4908\" \/><\/a><\/p>\n<p><strong>Louis<\/strong><\/p>\n<p><a href=\"http:\/\/www.mimmis-katzenshop.de\/wp-content\/uploads\/2016\/11\/20161102-IMG_5671.jpg\"><img loading=\"lazy\" decoding=\"async\" class=\"alignnone size-full wp-image-1708\" src=\"http:\/\/www.mimmis-katzenshop.de\/wp-content\/uploads\/2016\/11\/20161102-IMG_5671.jpg\" alt=\"20161102-img_5671\" width=\"5184\" height=\"3456\" \/><\/a><\/p>\n<p>Der rot-wei\u00dfe Louis und die langhaarige Ella wurden drau\u00dfen aufgegriffen. Auch sie hatten schweren Katzenschnupfen. Bei Ella ist das Augenlicht leider verloren, sie ist blind. Aber der kleine freche Louis hat noch ein Auge und kommt wie seine Schwester mit seiner Behinderung bestens zurecht.<\/p>\n<p>Die ganze Katzenkinderbande ist sehr zutraulich und verspielt, alle K\u00e4tzchen sind gut sozialisiert und ideale Familienk\u00e4tzchen. Freigang kennen sie nicht, aber sie h\u00e4tten gerne einen gesicherten Balkon.<\/p>\n<p>Alle Katzenkinder werden nach einem pers\u00f6nlichen Kennenlernen gegen Schutzvertrag in ihr neues (rauchfreies) Zuhause gebracht. Sie werden zu zweit oder zu einer anderen j\u00fcngeren Katze vermittelt. Die Vermittlung erfolgt im Umkreis von 200 km von 97528 Sulzdorf.<\/p>\n<p>Infos und Kontakt: MIMMIs Katzenhilfe, www.MIMMIs-Katzenhilfe.de, info@mimmis-katzenhilfe.de<\/p>\n<p>Fotos: Nellie Kirchner Fotografie<\/p>\n","protected":false},"excerpt":{"rendered":"<p>Mette, Malika, Marit und Mikesch haben ein sch\u00f6nes Zuhause gefunden. Nun suchen noch Janosch Janosch wurde Mitte Juli 2016 geboren und war durch ganz schlimmen Katzenschnupfen nahezu blind. Aber er hat seine Erkrankung gut \u00fcberstanden und kann mit beiden Augen sehen. Ella Louis Der rot-wei\u00dfe Louis und die langhaarige Ella wurden drau\u00dfen aufgegriffen. Auch sie &hellip; <a href=\"https:\/\/www.mimmis-tierhilfe.de\/?page_id=1718\" class=\"more-link\">Weiterlesen <span class=\"screen-reader-text\">MIMMIs Katzenkinder suchen ein Zuhause<\/span><\/a><\/p>\n","protected":false},"author":2,"featured_media":0,"parent":0,"menu_order":0,"comment_status":"closed","ping_status":"closed","template":"","meta":{"footnotes":""},"class_list":["post-1718","page","type-page","status-publish","hentry","without-featured-image"],"jetpack_shortlink":"https:\/\/wp.me\/P9y9lg-rI","jetpack_sharing_enabled":true,"_links":{"self":[{"href":"https:\/\/www.mimmis-tierhilfe.de\/index.php?rest_route=\/wp\/v2\/pages\/1718","targetHints":{"allow":["GET"]}}],"collection":[{"href":"https:\/\/www.mimmis-tierhilfe.de\/index.php?rest_route=\/wp\/v2\/pages"}],"about":[{"href":"https:\/\/www.mimmis-tierhilfe.de\/index.php?rest_route=\/wp\/v2\/types\/page"}],"author":[{"embeddable":true,"href":"https:\/\/www.mimmis-tierhilfe.de\/index.php?rest_route=\/wp\/v2\/users\/2"}],"replies":[{"embeddable":true,"href":"https:\/\/www.mimmis-tierhilfe.de\/index.php?rest_route=%2Fwp%2Fv2%2Fcomments&post=1718"}],"version-history":[{"count":0,"href":"https:\/\/www.mimmis-tierhilfe.de\/index.php?rest_route=\/wp\/v2\/pages\/1718\/revisions"}],"wp:attachment":[{"href":"https:\/\/www.mimmis-tierhilfe.de\/index.php?rest_route=%2Fwp%2Fv2%2Fmedia&parent=1718"}],"curies":[{"name":"wp","href":"https:\/\/api.w.org\/{rel}","templated":true}]}}