{"id":1345,"date":"2015-03-05T12:11:49","date_gmt":"2015-03-05T11:11:49","guid":{"rendered":"http:\/\/www.mimmis-katzenshop.de\/?page_id=1345"},"modified":"2025-01-20T13:53:42","modified_gmt":"2025-01-20T12:53:42","slug":"tierschutzverein-mimmis-katzenhilfe","status":"publish","type":"page","link":"https:\/\/www.mimmis-tierhilfe.de\/?page_id=1345","title":{"rendered":"Tierschutzverein &#8222;MIMMIs Katzenhilfe&#8220;"},"content":{"rendered":"<p><a href=\"http:\/\/www.mimmis-katzenshop.de\/wp-content\/uploads\/2013\/10\/mimmis-blog1.png\"><img loading=\"lazy\" decoding=\"async\" class=\"alignnone size-full wp-image-464\" src=\"http:\/\/www.mimmis-katzenshop.de\/wp-content\/uploads\/2013\/10\/mimmis-blog1.png\" alt=\"mimmis-blog\" width=\"689\" height=\"144\" srcset=\"https:\/\/www.mimmis-tierhilfe.de\/wp-content\/uploads\/2013\/10\/mimmis-blog1.png 689w, https:\/\/www.mimmis-tierhilfe.de\/wp-content\/uploads\/2013\/10\/mimmis-blog1-300x63.png 300w\" sizes=\"auto, (max-width: 689px) 100vw, 689px\" \/><\/a><\/p>\n<p>Der Tierschutzverein &#8222;MIMMIs Katzenhilfe&#8220; wurde am 14. Februar 2015 in Sulzdorf a.d.L. gegr\u00fcndet.<\/p>\n<p>Der Vereinszweck ist in der Satzung wie folgt verankert:<\/p>\n<p>&#8222;Der Tierschutzverein MIMMIs Katzenhilfe (n.e.V.) mit Sitz in 97528 Sulzdorf verfolgt ausschlie\u00dflich und unmittelbar gemeinn\u00fctzige Zwecke im Sinne des Abschnitts &#8222;Steuerbeg\u00fcnstigte Zwecke&#8220; der Abgabenordnung.<\/p>\n<p>Zweck des Vereins ist der Tierschutz, insbesondere der Katzenschutz. Der Satzungszweck wird verwirklicht insbesondere durch<br \/>\n&#8211; die vor\u00fcbergehende Aufnahme, Versorgung, Pflege und Therapie von herrenlosen und in Not geratenen Katzen bis zur ihrer Vermittlung in gute H\u00e4nde im Sinne einer tierheim\u00e4hnlichen Einrichtung nach \u00a7 11 TSG,<br \/>\n&#8211; die dauerhafte Aufnahme und Versorgung (im Sinne eines Gnadenhofs) f\u00fcr auf Grund ihres Alters, einer Behinderung oder einer chronischen Erkrankungen nicht mehr vermittelbaren Katzen bis zu deren nat\u00fcrlichen Lebensende sowie<br \/>\n&#8211; die Unterst\u00fctzung von anderen Tierschutzorganisationen bei Kastrationsaktionen von herrenlosen Stra\u00dfenkatzen, um weiteres Tierelend zu verhindern.&#8220;<\/p>\n<p>Die komplette Satzung als pdf: <a href=\"http:\/\/www.mimmis-katzenshop.de\/wp-content\/uploads\/2015\/03\/2015-01-12-Satzung-MIMMIs.pages.pdf\">Satzung MIMMIs<\/a><\/p>\n<p>Die Anerkennung der Gemeinn\u00fctzigkeit ist mit Schreiben des Finanzamtes Bad Kissingen vom 16. M\u00e4rz 2015 best\u00e4tigt. Somit k\u00f6nnen f\u00fcr Spenden Zuwendungsbest\u00e4tigungen (Spendenquittungen) ausgestellt werden. Eine Eintrag in das Vereinsregister ist derzeit nicht geplant, da es uns als nicht notwendig erscheint.<\/p>\n<p>Steuernummer: 205\/110\/90831<\/p>\n<p>Vorsitzende des Vereins ist Ulrike Lilienbecker, stellvertretender Vorsitzender ist Jens Lilienbecker.<\/p>\n","protected":false},"excerpt":{"rendered":"<p>Der Tierschutzverein &#8222;MIMMIs Katzenhilfe&#8220; wurde am 14. Februar 2015 in Sulzdorf a.d.L. gegr\u00fcndet. Der Vereinszweck ist in der Satzung wie folgt verankert: &#8222;Der Tierschutzverein MIMMIs Katzenhilfe (n.e.V.) mit Sitz in 97528 Sulzdorf verfolgt ausschlie\u00dflich und unmittelbar gemeinn\u00fctzige Zwecke im Sinne des Abschnitts &#8222;Steuerbeg\u00fcnstigte Zwecke&#8220; der Abgabenordnung. Zweck des Vereins ist der Tierschutz, insbesondere der Katzenschutz. &hellip; <a href=\"https:\/\/www.mimmis-tierhilfe.de\/?page_id=1345\" class=\"more-link\">Weiterlesen <span class=\"screen-reader-text\">Tierschutzverein &#8222;MIMMIs Katzenhilfe&#8220;<\/span><\/a><\/p>\n","protected":false},"author":2,"featured_media":0,"parent":0,"menu_order":0,"comment_status":"closed","ping_status":"open","template":"","meta":{"footnotes":""},"class_list":["post-1345","page","type-page","status-publish","hentry","without-featured-image"],"jetpack_shortlink":"https:\/\/wp.me\/P9y9lg-lH","jetpack_sharing_enabled":true,"_links":{"self":[{"href":"https:\/\/www.mimmis-tierhilfe.de\/index.php?rest_route=\/wp\/v2\/pages\/1345","targetHints":{"allow":["GET"]}}],"collection":[{"href":"https:\/\/www.mimmis-tierhilfe.de\/index.php?rest_route=\/wp\/v2\/pages"}],"about":[{"href":"https:\/\/www.mimmis-tierhilfe.de\/index.php?rest_route=\/wp\/v2\/types\/page"}],"author":[{"embeddable":true,"href":"https:\/\/www.mimmis-tierhilfe.de\/index.php?rest_route=\/wp\/v2\/users\/2"}],"replies":[{"embeddable":true,"href":"https:\/\/www.mimmis-tierhilfe.de\/index.php?rest_route=%2Fwp%2Fv2%2Fcomments&post=1345"}],"version-history":[{"count":2,"href":"https:\/\/www.mimmis-tierhilfe.de\/index.php?rest_route=\/wp\/v2\/pages\/1345\/revisions"}],"predecessor-version":[{"id":2619,"href":"https:\/\/www.mimmis-tierhilfe.de\/index.php?rest_route=\/wp\/v2\/pages\/1345\/revisions\/2619"}],"wp:attachment":[{"href":"https:\/\/www.mimmis-tierhilfe.de\/index.php?rest_route=%2Fwp%2Fv2%2Fmedia&parent=1345"}],"curies":[{"name":"wp","href":"https:\/\/api.w.org\/{rel}","templated":true}]}}