{"id":1219,"date":"2014-08-20T17:54:47","date_gmt":"2014-08-20T16:54:47","guid":{"rendered":"http:\/\/www.mimmis-katzenshop.de\/?page_id=1219"},"modified":"2020-08-18T12:12:09","modified_gmt":"2020-08-18T10:12:09","slug":"mimmis-und-der-tierschutz","status":"publish","type":"page","link":"https:\/\/www.mimmis-tierhilfe.de\/?page_id=1219","title":{"rendered":"MIMMIs &#8211; Erlaubnis \u00a711"},"content":{"rendered":"<p><a href=\"http:\/\/www.mimmis-katzenshop.de\/wp-content\/uploads\/2013\/10\/mimmi.jpg\"><img loading=\"lazy\" decoding=\"async\" class=\"alignnone size-full wp-image-469\" src=\"http:\/\/www.mimmis-katzenshop.de\/wp-content\/uploads\/2013\/10\/mimmi.jpg\" alt=\"mimmi\" width=\"689\" height=\"142\" srcset=\"https:\/\/www.mimmis-tierhilfe.de\/wp-content\/uploads\/2013\/10\/mimmi.jpg 689w, https:\/\/www.mimmis-tierhilfe.de\/wp-content\/uploads\/2013\/10\/mimmi-300x62.jpg 300w\" sizes=\"auto, (max-width: 689px) 100vw, 689px\" \/><\/a><\/p>\n<p>Seit dem 1. August 2014 gilt ein neues Tierschutzgesetz. Nach diesem sind alle verpflichtet, die Katzen pflegen und sie dann vermittelt, eine Genehmigung daf\u00fcr einzuholen.<br \/>\nDiese bekommt man, wenn man ein tadelloses F\u00fchrungszeugnis hat, erfolgreich eine schriftliche Sachkundepr\u00fcfung mit anschliessendem ausf\u00fchrlichen Fachgespr\u00e4ch ablegt und dann noch eine praktische Pr\u00fcfung meistert. Diese theoretische und praktische Sachkundepr\u00fcfung habe ich erfolgreich absolviert und ich habe nun die amtliche Erlaubnis nach \u00a7 11 TSG, das zu tun, was ich immer schon getan habe&#8230;..<\/p>\n<p>Es wurde von Seiten des Veterin\u00e4ramtes auch gepr\u00fcft, ob meine Katzen auch artgerecht untergebracht sind. Ich glaube, ich kann sagen, das sind sie in f\u00fcr den Tierschutz vorbildliche Weise.<\/p>\n<p>Alle Katzen sind selbstverst\u00e4ndlich kastriert und geimpft (soweit es ihr Gesundheitszustand zul\u00e4sst). Ich habe eine Quarant\u00e4nestation (unser gro\u00dfes Bad mit zwei R\u00e4umen, wir haben ja noch zus\u00e4tzlich das G\u00e4stebad), ein gro\u00dfes Katzenzimmer mit Catwalk und allen Annehmlichkeiten und noch ein G\u00e4stezimmer, wo ich neben zweibeinigen auch mal vierbeinige G\u00e4ste unterbringen kann. Sowohl im Katzenzimmer als auch im G\u00e4stezimmer steht ein (Menschen)bett, so dass ich auch schwer kranke Tiere nachts beaufsichtigen kann. Und nat\u00fcrlich brauchen kranke Katzen viel Zuwendung und das bedeutet eben auch, dass sie nicht viel alleine sein sollen. Da ich tags\u00fcber zwar regelm\u00e4ssig nach den Miezen gucken kann, aber ja auch einen Beruf habe, schlafe ich dann bei den Sorgenk\u00e4tzchen, so dass sie genug Ansprache und F\u00fcrsorge bekommen.<\/p>\n<p>Eine K\u00e4fighaltung, um Pflegekatzen zu separieren, wird im Tierschutz anscheinend immer mehr zur akzeptablen Unterbringungsform. Das lehne ich konsequent ab. Nat\u00fcrlich gibt es F\u00e4lle, wo es unumg\u00e4nglich ist, eine Katze in einem K\u00e4fig zu halten, weil sie operiert wurde und sich nicht bewegen darf. Oder wenn sie sehr krank ist und Infusionen braucht. Und in Tierheimen. Dann ist es nat\u00fcrlich nicht zu umgehen. Aber auch nur dann!<\/p>\n<p>Im Prinzip leben aber alle Katzen mit uns zusammen und k\u00f6nnen durch die Katzenklappe in den fast 5.000 qm gro\u00dfen Garten, der gesichert ist. Dort k\u00f6nnen sich blinde und dreibeinige, aber auch alle anderen gefahrlos austoben, V\u00f6gelchen beobachten, M\u00e4use jagen oder am Teich relaxen. Alle Katzen haben Zugang zu fast allen Zimmern unseres gro\u00dfen Hauses und k\u00f6nnen sich zur\u00fcckziehen, wenn ihnen danach ist. Freier Zugang zu hochwertigem Futter ist auch selbstverst\u00e4ndlich.<\/p>\n<p>Unser Zuhause ist zwar ein Katzenparadies, aber es ist in erster Linie ein Haus f\u00fcr Menschen und kein Tierheim. Darauf lege ich Wert. Ich geh\u00f6re nicht zu den &#8222;Tiersch\u00fctzern&#8220;, f\u00fcr die es das arme Tier auf der einen Seite und die &#8222;Bestie Mensch&#8220; auf der anderen Seite gibt. Klar, es gibt sehr viel Leid und Unrecht und das ist von Menschen gemacht. Drum versuche ich eben, ein ganz kleines bisschen davon wieder gut zu machen. Und behinderten, kranken, alten oder misshandelten Katzen ein selbstbestimmtes und artgerechtes Leben zu erm\u00f6glichen. Oftmals helfe ich auch Menschen damit. Es ist sehr sch\u00f6n, wenn es allen hilft. Und mich macht es gl\u00fccklich.<\/p>\n<p>Im Sommer 2020 habe ich noch den \u00a7 11er f\u00fcr den Import gemacht. Verbunden war damit eine schriftliche, eine m\u00fcndliche und eine praktische Pr\u00fcfung. Die Amtsveterin\u00e4rin hat sich auch alle R\u00e4umlichkeiten noch mal angeschaut und sie f\u00fcr sehr gut befunden. Ich habe jetzt nicht vor, in den Auslandstierschutz einzusteigen, aber ich will meiner Freundin Lyly in Kairo ab und zu helfen. Und es soll alles seine Richtigkeit haben.<\/p>\n","protected":false},"excerpt":{"rendered":"<p>Seit dem 1. August 2014 gilt ein neues Tierschutzgesetz. Nach diesem sind alle verpflichtet, die Katzen pflegen und sie dann vermittelt, eine Genehmigung daf\u00fcr einzuholen. Diese bekommt man, wenn man ein tadelloses F\u00fchrungszeugnis hat, erfolgreich eine schriftliche Sachkundepr\u00fcfung mit anschliessendem ausf\u00fchrlichen Fachgespr\u00e4ch ablegt und dann noch eine praktische Pr\u00fcfung meistert. Diese theoretische und praktische Sachkundepr\u00fcfung &hellip; <a href=\"https:\/\/www.mimmis-tierhilfe.de\/?page_id=1219\" class=\"more-link\">Weiterlesen <span class=\"screen-reader-text\">MIMMIs &#8211; Erlaubnis \u00a711<\/span><\/a><\/p>\n","protected":false},"author":2,"featured_media":0,"parent":0,"menu_order":0,"comment_status":"closed","ping_status":"open","template":"","meta":{"footnotes":""},"class_list":["post-1219","page","type-page","status-publish","hentry","without-featured-image"],"jetpack_shortlink":"https:\/\/wp.me\/P9y9lg-jF","jetpack_sharing_enabled":true,"_links":{"self":[{"href":"https:\/\/www.mimmis-tierhilfe.de\/index.php?rest_route=\/wp\/v2\/pages\/1219","targetHints":{"allow":["GET"]}}],"collection":[{"href":"https:\/\/www.mimmis-tierhilfe.de\/index.php?rest_route=\/wp\/v2\/pages"}],"about":[{"href":"https:\/\/www.mimmis-tierhilfe.de\/index.php?rest_route=\/wp\/v2\/types\/page"}],"author":[{"embeddable":true,"href":"https:\/\/www.mimmis-tierhilfe.de\/index.php?rest_route=\/wp\/v2\/users\/2"}],"replies":[{"embeddable":true,"href":"https:\/\/www.mimmis-tierhilfe.de\/index.php?rest_route=%2Fwp%2Fv2%2Fcomments&post=1219"}],"version-history":[{"count":3,"href":"https:\/\/www.mimmis-tierhilfe.de\/index.php?rest_route=\/wp\/v2\/pages\/1219\/revisions"}],"predecessor-version":[{"id":2367,"href":"https:\/\/www.mimmis-tierhilfe.de\/index.php?rest_route=\/wp\/v2\/pages\/1219\/revisions\/2367"}],"wp:attachment":[{"href":"https:\/\/www.mimmis-tierhilfe.de\/index.php?rest_route=%2Fwp%2Fv2%2Fmedia&parent=1219"}],"curies":[{"name":"wp","href":"https:\/\/api.w.org\/{rel}","templated":true}]}}